{"id":75,"date":"2023-12-01T12:51:42","date_gmt":"2023-12-01T12:51:42","guid":{"rendered":"https:\/\/japanologija.ffzg.unizg.hr\/?page_id=75"},"modified":"2025-12-22T13:08:18","modified_gmt":"2025-12-22T13:08:18","slug":"kontakti","status":"publish","type":"page","link":"https:\/\/japanologija.ffzg.unizg.hr\/index.php\/kontakti\/","title":{"rendered":"Kontakti"},"content":{"rendered":"<p class=\"font_8 wixui-rich-text__text\"><strong><span class=\"wixui-rich-text__text\"><span class=\"color_15 wixui-rich-text__text\">Adresa:<\/span><\/span><\/strong><\/p>\n<p class=\"font_8 wixui-rich-text__text\"><span class=\"wixui-rich-text__text\"><span class=\"color_15 wixui-rich-text__text\">Filozofski fakultet Sveu\u010dili\u0161ta u Zagrebu<br \/>\n<\/span><\/span><span class=\"wixui-rich-text__text\"><span class=\"color_15 wixui-rich-text__text\">Odsjek za azijske studije<br \/>\n<\/span><\/span><span class=\"wixui-rich-text__text\"><span class=\"color_15 wixui-rich-text__text\">Katedra za japanologiju<br \/>\n<\/span><\/span><span class=\"wixui-rich-text__text\"><span class=\"color_15 wixui-rich-text__text\">Ivana Lu\u010di\u0107a 3<br \/>\n<\/span><\/span><span class=\"wixui-rich-text__text\"><span class=\"color_15 wixui-rich-text__text\">10 000 Zagreb<\/span><\/span><\/p>\n<p class=\"font_8 wixui-rich-text__text\"><span class=\"wixui-rich-text__text\"><span class=\"color_15 wixui-rich-text__text\"><span class=\"wixGuard wixui-rich-text__text\">\u200b<\/span><\/span><\/span><\/p>\n<p class=\"font_8 wixui-rich-text__text\"><span class=\"wixui-rich-text__text\"><span class=\"color_15 wixui-rich-text__text\"><strong>Soba: B 102<\/strong><\/span><\/span><\/p>\n<p class=\"font_8 wixui-rich-text__text\"><span class=\"wixui-rich-text__text\"><span class=\"color_15 wixui-rich-text__text\">Telefon: +385 (0)1 4092-087<br class=\"wixui-rich-text__text\" \/>E-mail: <a href=\"mailto:japanologija@m.ffzg.unizg.hr\"> japanologija@m.ffzg.unizg.hr<\/a><\/span><\/span><\/p>\n<p>&nbsp;<\/p>\n<p class=\"font_8 wixui-rich-text__text\"><strong><span class=\"wixui-rich-text__text\"><span class=\"color_15 wixui-rich-text__text\">Tajni\u0161tvo<\/span><\/span><\/strong><\/p>\n<p class=\"font_8 wixui-rich-text__text\"><span class=\"wixui-rich-text__text\"><span class=\"color_15 wixui-rich-text__text\">Soba B-021<br class=\"wixui-rich-text__text\" \/>Telefon: +385(0)1 4092-030<br class=\"wixui-rich-text__text\" \/>Tajnica: Ana Ugrinovi\u0107<br class=\"wixui-rich-text__text\" \/>El. po\u0161ta: <a href=\"mailto:augrinov@ffzg.hr\">augrinov@ffzg.hr<\/a><\/span><\/span><\/p>\n<p class=\"font_8 wixui-rich-text__text\"><span class=\"wixui-rich-text__text\"><span class=\"wixGuard wixui-rich-text__text\">\u200b<\/span><\/span><\/p>\n<p class=\"font_8 wixui-rich-text__text\"><strong><span class=\"wixui-rich-text__text\"><span class=\"color_15 wixui-rich-text__text\">Pro\u010delnik Odsjeka za azijske studije<\/span><\/span><\/strong><\/p>\n<p class=\"font_8 wixui-rich-text__text\"><span class=\"wixui-rich-text__text\"><span class=\"color_15 wixui-rich-text__text\">prof. dr. sc. Ivan Andrijani\u0107<br class=\"wixui-rich-text__text\" \/>Soba: B-023<br \/>\nEl. po\u0161ta: <a href=\"mailto:iandrij@m.ffzg.hr\">iandrij@m.ffzg.hr<\/a><br \/>\n<\/span><\/span><\/p>\n<p>&nbsp;<\/p>\n<p><strong>Zamjenica pro\u010delnika Odsjeka za azijske studije<\/strong><br \/>\n<strong>i ECTS i Erasmus koordinatorica Odsjeka za azijske studije<\/strong><\/p>\n<p>izv. prof. dr. sc. Ivana Buljan<br \/>\nSoba: B-102<br \/>\nEl. po\u0161ta: <a href=\"mailto:ibuljan2@m.ffzg.unizg.hr\">ibuljan2@m.ffzg.unizg.hr<\/a><\/p>\n<p class=\"font_8 wixui-rich-text__text\"><span class=\"wixui-rich-text__text\"><span class=\"wixGuard wixui-rich-text__text\">\u200b<\/span><\/span><\/p>\n<p class=\"font_8 wixui-rich-text__text\"><strong><span class=\"wixui-rich-text__text\"><span class=\"color_15 wixui-rich-text__text\">Predstojnica Katedre za japanologiju<\/span><\/span><\/strong><\/p>\n<p><strong>i ISVU koordinatorica katedre<\/strong><\/p>\n<p class=\"font_8 wixui-rich-text__text\"><span class=\"wixui-rich-text__text\"><span class=\"color_15 wixui-rich-text__text\">doc. dr. sc. Iva Laki\u0107 Para\u0107<br class=\"wixui-rich-text__text\" \/>Soba: B-102<br class=\"wixui-rich-text__text\" \/>Telefon: +385 (0)1 4092-087<br class=\"wixui-rich-text__text\" \/>El. po\u0161ta:<a href=\"mailto:ilakic@unizg.ffzg.hr\"> ilakic@m.ffzg.hr<\/a><\/span><\/span><\/p>\n<p class=\"font_8 wixui-rich-text__text\"><span class=\"wixui-rich-text__text\"><span class=\"wixGuard wixui-rich-text__text\">\u200b<\/span><\/span><\/p>\n<p><strong>Web administratorica katedre<\/strong><\/p>\n<p>dr. sc. Velna Ron\u010devi\u0107<\/p>\n<p>Soba: B 102<\/p>\n<p>El. po\u0161ta: <a href=\"mailto:vroncevi@m.ffzg.hr\">vroncevi@m.ffzg.hr<\/a><\/p>\n<p>&nbsp;<\/p>\n<p><strong>Satni\u010dar odsjeka<\/strong><\/p>\n<p>Katarina \u0160ukelj, MA<\/p>\n<p>Soba: B 102<\/p>\n<p>El. po\u0161ta: <a href=\"mailto:ksukelj@m.ffzg.hr\">ksukelj@m.ffzg.hr<\/a><\/p>\n<p>&nbsp;<\/p>\n<p><strong>Povjerenica za kvalitetu<\/strong><\/p>\n<p>doc. dr. sc. Mojca Pretnar<\/p>\n<p>El. po\u0161ta: <a href=\"mailto:mpretnar@m.ffzg.hr\">mpretnar@m.ffzg.hr<\/a><\/p>\n<p>&nbsp;<\/p>\n<p class=\"font_8 wixui-rich-text__text\"><strong><span class=\"wixui-rich-text__text\"><span class=\"color_15 wixui-rich-text__text\">Knji\u017eni\u010darka<\/span><\/span><\/strong><\/p>\n<p class=\"font_8 wixui-rich-text__text\"><span class=\"wixui-rich-text__text\"><span class=\"color_15 wixui-rich-text__text\">Sanja Bezlaj Iliji\u0107<br class=\"wixui-rich-text__text\" \/>Soba: 4.3.4 (u knji\u017enici, 4. kat)<br class=\"wixui-rich-text__text\" \/>Telefon: +385 (0)1 4092-207<br class=\"wixui-rich-text__text\" \/>E-mail: <a href=\"mailto:silijic@ffzg.hr\">silijic@ffzg.hr<\/a><\/span><\/span><\/p>\n<p>&nbsp;<\/p>\n","protected":false},"excerpt":{"rendered":"<p>Adresa: Filozofski fakultet Sveu\u010dili\u0161ta u Zagrebu Odsjek za azijske studije Katedra za japanologiju Ivana Lu\u010di\u0107a 3 10 000 Zagreb \u200b Soba: B 102 Telefon: +385 (0)1 4092-087E-mail: japanologija@m.ffzg.unizg.hr &nbsp; Tajni\u0161tvo Soba B-021Telefon: +385(0)1 4092-030Tajnica: Ana Ugrinovi\u0107El. po\u0161ta: augrinov@ffzg.hr \u200b Pro\u010delnik Odsjeka za azijske studije prof. dr. sc. Ivan Andrijani\u0107Soba: B-023 El. po\u0161ta: iandrij@m.ffzg.hr &nbsp; Zamjenica [&hellip;]<\/p>\n","protected":false},"author":3,"featured_media":0,"parent":0,"menu_order":5,"comment_status":"closed","ping_status":"closed","template":"","meta":{"footnotes":""},"class_list":["post-75","page","type-page","status-publish","hentry"],"_links":{"self":[{"href":"https:\/\/japanologija.ffzg.unizg.hr\/index.php\/wp-json\/wp\/v2\/pages\/75","targetHints":{"allow":["GET"]}}],"collection":[{"href":"https:\/\/japanologija.ffzg.unizg.hr\/index.php\/wp-json\/wp\/v2\/pages"}],"about":[{"href":"https:\/\/japanologija.ffzg.unizg.hr\/index.php\/wp-json\/wp\/v2\/types\/page"}],"author":[{"embeddable":true,"href":"https:\/\/japanologija.ffzg.unizg.hr\/index.php\/wp-json\/wp\/v2\/users\/3"}],"replies":[{"embeddable":true,"href":"https:\/\/japanologija.ffzg.unizg.hr\/index.php\/wp-json\/wp\/v2\/comments?post=75"}],"version-history":[{"count":14,"href":"https:\/\/japanologija.ffzg.unizg.hr\/index.php\/wp-json\/wp\/v2\/pages\/75\/revisions"}],"predecessor-version":[{"id":1737,"href":"https:\/\/japanologija.ffzg.unizg.hr\/index.php\/wp-json\/wp\/v2\/pages\/75\/revisions\/1737"}],"wp:attachment":[{"href":"https:\/\/japanologija.ffzg.unizg.hr\/index.php\/wp-json\/wp\/v2\/media?parent=75"}],"curies":[{"name":"wp","href":"https:\/\/api.w.org\/{rel}","templated":true}]}}