{"id":73,"date":"2023-12-01T12:50:33","date_gmt":"2023-12-01T12:50:33","guid":{"rendered":"https:\/\/japanologija.ffzg.unizg.hr\/?page_id=73"},"modified":"2025-02-10T11:55:17","modified_gmt":"2025-02-10T11:55:17","slug":"nastavnici","status":"publish","type":"page","link":"https:\/\/japanologija.ffzg.unizg.hr\/index.php\/nastavnici\/","title":{"rendered":"Nastavnici"},"content":{"rendered":"\n<p>Mole se studenti da se prije konzultacija nastavniku najave mailom.<\/p>\n\n\n\n<p><\/p>\n\n\n\n<p><\/p>\n\n\n\n<p><span class=\"color_19 wixui-rich-text__text\"><span class=\"wixui-rich-text__text\"><a href=\"https:\/\/japanologija.ffzg.unizg.hr\/index.php\/dr-sc-iva-lakic-parac\/\">dr. sc. <strong>Iva Laki\u0107 Para\u0107<\/strong>, docentica<\/a><br>Kontakt:&nbsp;<a class=\"wixui-rich-text__text\" data-auto-recognition=\"true\" href=\"mailto:ilakic@ffzg.unizg.hr\">ilakic@m.ffzg.hr<\/a><br>Konzultacije: srije<\/span><\/span>da 14:30-15:30<\/p>\n\n\n\n<p><\/p>\n\n\n\n<div style=\"height:20px\" aria-hidden=\"true\" class=\"wp-block-spacer\"><\/div>\n\n\n\n<p><\/p>\n\n\n\n<p><a href=\"https:\/\/japanologija.ffzg.unizg.hr\/index.php\/nastavnici\/dr-sc-velna-roncevic\/\"><span class=\"color_19 wixui-rich-text__text\"><span class=\"wixui-rich-text__text\">dr. sc. <strong>Velna Ron\u010devi\u0107<\/strong>, vi\u0161a asistentica<\/span><\/span><\/a><br><span class=\"color_19 wixui-rich-text__text\"><span class=\"wixui-rich-text__text\">Kontakt:\u00a0<a class=\"wixui-rich-text__text\" data-auto-recognition=\"true\" href=\"mailto:vroncevic@ffzg.unizg.hr\">vroncevi@m.ffzg.hr<\/a><\/span><\/span><br><span class=\"color_19 wixui-rich-text__text\"><span class=\"wixui-rich-text__text\">Konzultacije:<\/span><\/span> ponedjeljak 11:00-12:00<\/p>\n\n\n\n<p><\/p>\n\n\n\n<div style=\"height:20px\" aria-hidden=\"true\" class=\"wp-block-spacer\"><\/div>\n\n\n\n<p><\/p>\n\n\n\n<p><a href=\"https:\/\/japanologija.ffzg.unizg.hr\/index.php\/211-2\/\"><span class=\"wixui-rich-text__text\"><span class=\"color_19 wixui-rich-text__text\">mag. jpn. <strong>Katarina \u0160ukelj<\/strong>, asistentica<\/span><\/span><\/a><br><span class=\"wixui-rich-text__text\"><span class=\"color_19 wixui-rich-text__text\">Kontakt:&nbsp;<a class=\"wixui-rich-text__text\" data-auto-recognition=\"true\" href=\"mailto:ksukelj@ffzg.unizg.hr\">ksukelj@m.ffzg.hr<\/a><\/span><\/span><br><span class=\"wixui-rich-text__text\"><span class=\"color_19 wixui-rich-text__text\">Konzultacije: <\/span><\/span>ponedjeljak 16:00-17:00<\/p>\n\n\n\n<p><\/p>\n\n\n\n<div style=\"height:20px\" aria-hidden=\"true\" class=\"wp-block-spacer\"><\/div>\n\n\n\n<p><\/p>\n\n\n\n<p><span class=\"wixui-rich-text__text\"><span class=\"color_19 wixui-rich-text__text\"><a href=\"https:\/\/japanologija.ffzg.unizg.hr\/index.php\/mr-sc-emi-murata-margetic\/\" data-type=\"page\" data-id=\"584\">mr. sc. <strong>Emi Murata-Margeti\u0107<\/strong>, vi\u0161a lektorica<\/a><\/span><\/span><a href=\"https:\/\/japanologija.ffzg.unizg.hr\/index.php\/mr-sc-emi-murata-margetic\/(opens in a new tab)\"><br><\/a><span class=\"wixui-rich-text__text\"><span class=\"color_19 wixui-rich-text__text\">Kontakt:&nbsp;<a class=\"wixui-rich-text__text\" data-auto-recognition=\"true\" href=\"mailto:emurata@ffzg.unizg.hr\">emurata@m.ffzg.hr<\/a><br>Konzultacije: \u010detvrtak 15:30-17:00,<\/span><\/span> po dogovoru<\/p>\n\n\n\n<p><\/p>\n\n\n\n<div style=\"height:20px\" aria-hidden=\"true\" class=\"wp-block-spacer\"><\/div>\n\n\n\n<p><\/p>\n\n\n\n<p><a href=\"https:\/\/japanologija.ffzg.unizg.hr\/index.php\/mr-sc-akihito-uebayashi\/\">mr. sc <strong>Akihito Uebayashi<\/strong>, lektor<\/a><br><span class=\"wixui-rich-text__text\"><span class=\"color_19 wixui-rich-text__text\">Kontakt:&nbsp;<a class=\"wixui-rich-text__text\" data-auto-recognition=\"true\" href=\"mailto:a.uebar2724@gmail.com\">auebayas@m.ffzg.hr<\/a>&nbsp;<\/span><\/span><br><span class=\"wixui-rich-text__text\"><span class=\"color_19 wixui-rich-text__text\">Konzultacije: p<\/span><\/span>etak 15:00-16:00<\/p>\n\n\n\n<p><\/p>\n\n\n\n<div style=\"height:20px\" aria-hidden=\"true\" class=\"wp-block-spacer\"><\/div>\n\n\n\n<p><\/p>\n\n\n\n<p><span class=\"wixui-rich-text__text\"><span class=\"color_19 wixui-rich-text__text\"><a href=\"https:\/\/japanologija.ffzg.unizg.hr\/index.php\/mag-jap-ivana-mogus-yamada\/\">mag. jap. <strong>Ivana Mogu\u0161 Yamada<\/strong>, vanjska suradnica<\/a><\/span><\/span><br><span class=\"wixui-rich-text__text\"><span class=\"color_19 wixui-rich-text__text\">Kontakt:&nbsp;<\/span><\/span><a href=\"mailto:ivanamyamada@gmail.com\">imogusya@m.ffzg.hr<\/a><br><span class=\"wixui-rich-text__text\"><span class=\"color_19 wixui-rich-text__text\">Konzultacije: <\/span><\/span>utorak 18:30-19:30<\/p>\n\n\n\n<p>&nbsp;<\/p>\n","protected":false},"excerpt":{"rendered":"<p>Mole se studenti da se prije konzultacija nastavniku najave mailom. dr. sc. Iva Laki\u0107 Para\u0107, docenticaKontakt:&nbsp;ilakic@m.ffzg.hrKonzultacije: srijeda 14:30-15:30 dr. sc. Velna Ron\u010devi\u0107, vi\u0161a asistenticaKontakt:\u00a0vroncevi@m.ffzg.hrKonzultacije: ponedjeljak 11:00-12:00 mag. jpn. Katarina \u0160ukelj, asistenticaKontakt:&nbsp;ksukelj@m.ffzg.hrKonzultacije: ponedjeljak 16:00-17:00 mr. sc. Emi Murata-Margeti\u0107, vi\u0161a lektoricaKontakt:&nbsp;emurata@m.ffzg.hrKonzultacije: \u010detvrtak 15:30-17:00, po dogovoru mr. sc Akihito Uebayashi, lektorKontakt:&nbsp;auebayas@m.ffzg.hr&nbsp;Konzultacije: petak 15:00-16:00 mag. jap. Ivana Mogu\u0161 Yamada, [&hellip;]<\/p>\n","protected":false},"author":3,"featured_media":0,"parent":0,"menu_order":4,"comment_status":"closed","ping_status":"closed","template":"","meta":{"footnotes":""},"class_list":["post-73","page","type-page","status-publish","hentry"],"_links":{"self":[{"href":"https:\/\/japanologija.ffzg.unizg.hr\/index.php\/wp-json\/wp\/v2\/pages\/73","targetHints":{"allow":["GET"]}}],"collection":[{"href":"https:\/\/japanologija.ffzg.unizg.hr\/index.php\/wp-json\/wp\/v2\/pages"}],"about":[{"href":"https:\/\/japanologija.ffzg.unizg.hr\/index.php\/wp-json\/wp\/v2\/types\/page"}],"author":[{"embeddable":true,"href":"https:\/\/japanologija.ffzg.unizg.hr\/index.php\/wp-json\/wp\/v2\/users\/3"}],"replies":[{"embeddable":true,"href":"https:\/\/japanologija.ffzg.unizg.hr\/index.php\/wp-json\/wp\/v2\/comments?post=73"}],"version-history":[{"count":33,"href":"https:\/\/japanologija.ffzg.unizg.hr\/index.php\/wp-json\/wp\/v2\/pages\/73\/revisions"}],"predecessor-version":[{"id":1340,"href":"https:\/\/japanologija.ffzg.unizg.hr\/index.php\/wp-json\/wp\/v2\/pages\/73\/revisions\/1340"}],"wp:attachment":[{"href":"https:\/\/japanologija.ffzg.unizg.hr\/index.php\/wp-json\/wp\/v2\/media?parent=73"}],"curies":[{"name":"wp","href":"https:\/\/api.w.org\/{rel}","templated":true}]}}