{"id":71,"date":"2023-12-01T12:49:11","date_gmt":"2023-12-01T12:49:11","guid":{"rendered":"https:\/\/japanologija.ffzg.unizg.hr\/?page_id=71"},"modified":"2026-04-16T10:59:19","modified_gmt":"2026-04-16T10:59:19","slug":"diplomski-studij","status":"publish","type":"page","link":"https:\/\/japanologija.ffzg.unizg.hr\/index.php\/redovni-studij\/diplomski-studij\/","title":{"rendered":"Diplomski studij"},"content":{"rendered":"\n<section id=\"comp-lpcjzwkd\" class=\"Oqnisf comp-lpcjzwkd wixui-section\" tabindex=\"-1\">\n<div class=\"\" data-mesh-id=\"comp-lpcjzwkdinlineContent\" data-testid=\"inline-content\">\n<div data-mesh-id=\"comp-lpcjzwkdinlineContent-gridContainer\" data-testid=\"mesh-container-content\">\n<div id=\"comp-lpct4g4c\" class=\"KcpHeO tz5f0K comp-lpct4g4c wixui-rich-text\" data-testid=\"richTextElement\">\n<p class=\"font_8 wixui-rich-text__text\"><span class=\"wixui-rich-text__text\">Diplomski studij japanologije predstavlja nastavak obrazovanja stru\u010dnjaka humanisti\u010dkih znanosti iz podru\u010dja japanologije koji su stekli diplomu na prijediplomskoj razini, odnosno temeljna znanja iz japanolo\u0161ke struke. Diplomski je studij koncipiran tako da obuhva\u0107a specifi\u010dna, specijalisti\u010dka znanja iz podru\u010dja japanske lingvistike i dru\u0161tva. Program omogu\u0107ava studentima da, uz daljnje usvajanje komunikacijskih kompetencija, pro\u0161ire razinu jezi\u010dnog znanja te razviju sposobnosti pisanja na akademskom japanskom pismu. Kolegiji o teorijama i metodama japanskih studija \u0107e studente opremiti znanjem i vje\u0161tinama potrebnim za provedbu samostalnog istra\u017eiva\u010dkog rada.&nbsp;<\/span><\/p>\n<p class=\"font_8 wixui-rich-text__text\">\n<\/p><\/div>\n<\/div>\n<\/div>\n<\/section>\n\n\n\n<div style=\"height:17px\" aria-hidden=\"true\" class=\"wp-block-spacer\"><\/div>\n\n\n\n<p><strong>STRUKTURA STUDIJA<\/strong><\/p>\n\n\n\n<p><strong>Naziv odsjeka<\/strong>: Odsjek za azijske studije<\/p>\n\n\n\n<p><strong>Naziv studija<\/strong>: Japanologija (2P)<\/p>\n\n\n\n<p><strong>Stru\u010dni naziv<\/strong>: sveu\u010dili\u0161ni\/a magistar\/magistra japanskog jezika i kulture <\/p>\n\n\n\n<p>(univ. mag. philol. iapon)<\/p>\n\n\n\n<p><strong>Uvjeti upisa na studij i razredbeni postupak:<\/strong><\/p>\n\n\n\n<ul class=\"wp-block-list\">\n<li>zavr\u0161en prijediplomski studij japanologije (180 ECTS bodova)<\/li>\n\n\n\n<li>zavr\u0161en prijediplomski sveu\u010dili\u0161ni studij (180 ECTS bodova) te znanje japanskog jezika najmanje na razini B1<\/li>\n<\/ul>\n\n\n\n<div style=\"height:17px\" aria-hidden=\"true\" class=\"wp-block-spacer\"><\/div>\n\n\n\n<figure class=\"wp-block-table\"><table class=\"has-fixed-layout\"><tbody><tr><td colspan=\"3\"><strong>1. GODINA<\/strong><\/td><\/tr><tr><td><strong>1. SEMESTAR<\/strong><\/td><td><strong>&nbsp;<\/strong><\/td><td><strong>&nbsp;<\/strong><\/td><\/tr><tr><td><strong>OBAVEZNI KOLEGIJI<\/strong><\/td><td><strong>(P\/S\/V)<\/strong><\/td><td><strong>ECTS<\/strong><\/td><\/tr><tr><td>Japanski u praksi 1 (Japanese language in practice 1)<\/td><td>0\/15\/45<\/td><td>6<\/td><\/tr><tr><td>Teorije i metode japanskih studija <br>(Theories and methods of Japanese studies)<\/td><td>30\/30\/0<\/td><td>5<\/td><\/tr><tr><td><strong>SLOBODNA IZBORNOST <\/strong><strong>&#8211; tijekom studija odabrati 12 ECTS<\/strong><\/td><td><strong>&nbsp;<\/strong><\/td><td><strong>ECTS<\/strong><\/td><\/tr><tr><td>Izborni predmet iz fakultetske ponude<\/td><td>&nbsp;<\/td><td>4<\/td><\/tr><tr><td><strong>2. SEMESTAR<\/strong><\/td><td><strong>&nbsp;<\/strong><\/td><td><strong>&nbsp;<\/strong><\/td><\/tr><tr><td><strong>OBAVEZNI KOLEGIJI<\/strong><\/td><td><strong>&nbsp;(P\/S\/V)<\/strong><\/td><td><strong>ECTS<\/strong><\/td><\/tr><tr><td>Japanski jezik u knji\u017eevnosti (Japanese language in literature)\u00a0<\/td><td>0\/30\/0<\/td><td>5<\/td><\/tr><tr><td>Teorije i metode japanskih istra\u017eivanja u praksi (Theories and methods of Japanese studies in practice) <a>Uvjet: Polo\u017een kolegij Teorije i metode japanskih studija<\/a><a href=\"#_msocom_1\">[DG1]<\/a>\u00a0<\/td><td>30\/30\/0<\/td><td>6<\/td><\/tr><tr><td><strong>SLOBODNA IZBORNOST <\/strong><strong>&#8211; tijekom studija odabrati 12 ECTS<\/strong><\/td><td><strong>&nbsp;<\/strong><\/td><td><strong>ECTS<\/strong><\/td><\/tr><tr><td>Izborni predmet iz fakultetske ponude<\/td><td>&nbsp;<\/td><td>4<\/td><\/tr><\/tbody><\/table><\/figure>\n\n\n\n<hr class=\"wp-block-separator has-alpha-channel-opacity\"\/>\n\n\n\n<p><a id=\"_msocom_1\"><\/a><\/p>\n\n\n\n<figure class=\"wp-block-table\"><table class=\"has-fixed-layout\"><tbody><tr><td colspan=\"3\"><strong>2. GODINA<\/strong><strong><\/strong><\/td><\/tr><tr><td><strong>3. SEMESTAR<\/strong><\/td><td><strong>&nbsp;<\/strong><\/td><td><strong>&nbsp;<\/strong><\/td><\/tr><tr><td><strong>OBAVEZNI KOLEGIJI<\/strong><\/td><td><strong>&nbsp;(P\/S\/V)<\/strong><\/td><td><strong>ECTS<\/strong><\/td><\/tr><tr><td>Japanski u praksi 2 (Japanese language in practice 2) \u00a0Uvjet: Polo\u017een Japanski u praksi 1<\/td><td>&nbsp;0\/15\/45<\/td><td>6<\/td><\/tr><tr><td>IZBORNOST STRUKE <strong>&#8211; odabrati 5 ECTS<\/strong><\/td><td><\/td><td>5<\/td><\/tr><tr><td>Japanske religije i filozofija (Japanese religions and philosophy)<\/td><td>&nbsp;30\/30\/0<\/td><td>5<\/td><\/tr><tr><td>Metodika nastave japanskog jezika <br>(Methods of Japanese language education)<\/td><td>&nbsp;15\/30\/0<\/td><td>5<\/td><\/tr><tr><td><strong>SLOBODNA IZBORNOST <\/strong><strong>&#8211; tijekom studija odabrati 12 ECTS<\/strong><\/td><td><strong>&nbsp;<\/strong><\/td><td><strong>ECTS<\/strong><\/td><\/tr><tr><td>Izborni predmet iz fakultetske ponude <\/td><td>&nbsp;<\/td><td>4<\/td><\/tr><tr><td><strong>4. SEMESTAR<\/strong><\/td><td><strong>(P\/S\/V)<\/strong><\/td><td><strong>&nbsp;<\/strong><\/td><\/tr><tr><td>Japanski jezik u stru\u010dnoj literaturi i medijima (Japanese language in specialized literature and media)<\/td><td>0\/30\/0<\/td><td>3<\/td><\/tr><tr><td>Akademsko japansko pismo (Academic writing in Japanese) <br>Uvjet: Polo\u017een kolegij<a> Teorije i metode japanskih istra\u017eivanja u praksi<\/a><a href=\"#_msocom_1\">[DG1]<\/a>\u00a0<\/td><td>0\/30\/0<\/td><td>4<\/td><\/tr><tr><td>Diplomski rad <br>(Diploma thesis)<\/td><td><\/td><td>8<\/td><\/tr><\/tbody><\/table><\/figure>\n\n\n\n<hr class=\"wp-block-separator has-alpha-channel-opacity\"\/>\n\n\n\n<p><a id=\"_msocom_1\"><\/a><\/p>\n\n\n\n<p><\/p>\n\n\n\n<div class=\"wp-block-columns is-layout-flex wp-container-core-columns-is-layout-28f84493 wp-block-columns-is-layout-flex\">\n<div class=\"wp-block-column is-layout-flow wp-block-column-is-layout-flow\" style=\"flex-basis:100%\"><\/div>\n<\/div>\n\n\n\n<p><\/p>\n\n\n\n<p><\/p>\n","protected":false},"excerpt":{"rendered":"<p>Diplomski studij japanologije predstavlja nastavak obrazovanja stru\u010dnjaka humanisti\u010dkih znanosti iz podru\u010dja japanologije koji su stekli diplomu na prijediplomskoj razini, odnosno temeljna znanja iz japanolo\u0161ke struke. Diplomski je studij koncipiran tako da obuhva\u0107a specifi\u010dna, specijalisti\u010dka znanja iz podru\u010dja japanske lingvistike i dru\u0161tva. Program omogu\u0107ava studentima da, uz daljnje usvajanje komunikacijskih kompetencija, pro\u0161ire razinu jezi\u010dnog znanja te [&hellip;]<\/p>\n","protected":false},"author":3,"featured_media":0,"parent":62,"menu_order":3,"comment_status":"closed","ping_status":"closed","template":"","meta":{"footnotes":""},"class_list":["post-71","page","type-page","status-publish","hentry"],"_links":{"self":[{"href":"https:\/\/japanologija.ffzg.unizg.hr\/index.php\/wp-json\/wp\/v2\/pages\/71","targetHints":{"allow":["GET"]}}],"collection":[{"href":"https:\/\/japanologija.ffzg.unizg.hr\/index.php\/wp-json\/wp\/v2\/pages"}],"about":[{"href":"https:\/\/japanologija.ffzg.unizg.hr\/index.php\/wp-json\/wp\/v2\/types\/page"}],"author":[{"embeddable":true,"href":"https:\/\/japanologija.ffzg.unizg.hr\/index.php\/wp-json\/wp\/v2\/users\/3"}],"replies":[{"embeddable":true,"href":"https:\/\/japanologija.ffzg.unizg.hr\/index.php\/wp-json\/wp\/v2\/comments?post=71"}],"version-history":[{"count":11,"href":"https:\/\/japanologija.ffzg.unizg.hr\/index.php\/wp-json\/wp\/v2\/pages\/71\/revisions"}],"predecessor-version":[{"id":1888,"href":"https:\/\/japanologija.ffzg.unizg.hr\/index.php\/wp-json\/wp\/v2\/pages\/71\/revisions\/1888"}],"up":[{"embeddable":true,"href":"https:\/\/japanologija.ffzg.unizg.hr\/index.php\/wp-json\/wp\/v2\/pages\/62"}],"wp:attachment":[{"href":"https:\/\/japanologija.ffzg.unizg.hr\/index.php\/wp-json\/wp\/v2\/media?parent=71"}],"curies":[{"name":"wp","href":"https:\/\/api.w.org\/{rel}","templated":true}]}}