{"id":69,"date":"2023-12-01T12:47:12","date_gmt":"2023-12-01T12:47:12","guid":{"rendered":"https:\/\/japanologija.ffzg.unizg.hr\/?page_id=69"},"modified":"2026-03-06T09:33:51","modified_gmt":"2026-03-06T09:33:51","slug":"prijediplomski-studij","status":"publish","type":"page","link":"https:\/\/japanologija.ffzg.unizg.hr\/index.php\/redovni-studij\/prijediplomski-studij\/","title":{"rendered":"Prijediplomski studij"},"content":{"rendered":"\n<section id=\"comp-lpcsmzkn\" class=\"Oqnisf comp-lpcsmzkn wixui-section\" tabindex=\"-1\">\n<div class=\"\" data-mesh-id=\"comp-lpcsmzkninlineContent\" data-testid=\"inline-content\">\n<div data-mesh-id=\"comp-lpcsmzkninlineContent-gridContainer\" data-testid=\"mesh-container-content\">\n<div id=\"comp-lpcsook5\" class=\"KcpHeO tz5f0K comp-lpcsook5 wixui-rich-text\" data-testid=\"richTextElement\">\n<p class=\"font_8 wixui-rich-text__text\"><span class=\"wixui-rich-text__text\">Prijediplomski dvopredmetni studijski program japanologije namijenjen je obrazovanju stru\u010dnjaka humanisti\u010dkih znanosti iz podru\u010dja japanologije u opsegu koji je nu\u017ean preduvjet za nastavak obrazovanja na diplomskoj razini. Obuhva\u0107a temeljna znanja iz japanskog jezika i kulture, odnosno japanske lingvistike, knji\u017eevnosti, povijesti, religije, filozofije, povijesti umjetnosti te suvremenog japanskog dru\u0161tva. Temelji se na usvajanju jezi\u010dnih kompetencija s ciljem stjecanja komunikacijskih vje\u0161tina razine B1-B2 prema ZEROJ-u ili razine N3 prema Ispitu znanja japanskog jezika (Nihongo n\u014dryoku shiken), dok su sadr\u017eaji tzv. nejezi\u010dnih kolegija koncipirani tako da omogu\u0107uju upoznavanje studenata s osnovnim karakteristikama pojedinih podru\u010dja.<\/span><\/p>\n<\/div>\n<\/div>\n<\/div>\n<\/section>\n\n\n\n<p><strong>Obavezni kolegiji<\/strong><\/p>\n\n\n\n<figure class=\"wp-block-table\"><table><tbody><tr><td>Japanske jezi\u010dne vje\u017ebe 1-6<\/td><\/tr><tr><td>Japanski jezi\u010dni seminar 1-2<\/td><\/tr><tr><td>Uvod u predmodernu povijest i kulturu japanskog oto\u010dja<\/td><\/tr><tr><td>Uvod u ranu modernu i modernu povijest i kulturu japanskog oto\u010dja<\/td><\/tr><tr><td>Suvremeno japansko dru\u0161tvo 1-2<\/td><\/tr><tr><td>Klasi\u010dna i predmoderna japanska knji\u017eevnost<\/td><\/tr><tr><td>Moderna i suvremena japanska knji\u017eevnost<\/td><\/tr><tr><td>Odabrane teme iz japanske kulture<\/td><\/tr><tr><td>Zavr\u0161ni ispit<\/td><\/tr><\/tbody><\/table><\/figure>\n\n\n\n<div style=\"height:13px\" aria-hidden=\"true\" class=\"wp-block-spacer\"><\/div>\n\n\n\n<p><strong>Izborni kolegiji<\/strong><\/p>\n\n\n\n<figure class=\"wp-block-table\"><table><tbody><tr><td>Odabrane teme iz japanske povijesti<\/td><\/tr><tr><td>Japanski jezik u konverzaciji<\/td><\/tr><tr><td>Uvod u japansku lingvistiku<\/td><\/tr><tr><td>Povijest Kine 1-2<\/td><\/tr><tr><td>Odabrane teme iz kineske kulture i civilizacije<\/td><\/tr><tr><td>Razvoj kineskog pisma<\/td><\/tr><tr><td>Izborni predmeti iz fakultetske ponude <br><sub>(odabrati najmanje jedan predmet iz teorije knji\u017eevnosti, teorije jezika ili teorije kulture)<\/sub><\/td><\/tr><tr><td>Strani jezik 1-2 \/ Hrvatski jezik 1-2 \/ Latinski jezik 1-2 \/<br>Hrvatski jezik za strane studente 1-2<\/td><\/tr><\/tbody><\/table><\/figure>\n\n\n\n<section id=\"comp-lpcst7uk\" class=\"Oqnisf comp-lpcst7uk wixui-section\" tabindex=\"-1\">\n<div class=\"\" data-mesh-id=\"comp-lpcst7ukinlineContent\" data-testid=\"inline-content\">\n<div data-mesh-id=\"comp-lpcst7ukinlineContent-gridContainer\" data-testid=\"mesh-container-content\">\n<div id=\"comp-lpcstuqc\" class=\"KcpHeO tz5f0K comp-lpcstuqc wixui-rich-text\" data-testid=\"richTextElement\">\n<p class=\"font_8 wixui-rich-text__text\"><strong><span class=\"wixui-rich-text__text\">Akademski \/ stru\u010dni naziv po zavr\u0161etku studija:<\/span><\/strong><\/p>\n<p class=\"font_8 wixui-rich-text__text\"><span class=\"wixui-rich-text__text\">s<\/span><span class=\"wixui-rich-text__text\">veu\u010dili\u0161ni prvostupnik\/prvostupnica (baccalaureus\/baccalaurea) japanskog jezika i kulture (bacc.philol. iapon)<\/span><\/p>\n<\/div>\n<\/div>\n<\/div>\n<\/section>\n\n\n\n<p><\/p>\n","protected":false},"excerpt":{"rendered":"<p>Prijediplomski dvopredmetni studijski program japanologije namijenjen je obrazovanju stru\u010dnjaka humanisti\u010dkih znanosti iz podru\u010dja japanologije u opsegu koji je nu\u017ean preduvjet za nastavak obrazovanja na diplomskoj razini. Obuhva\u0107a temeljna znanja iz japanskog jezika i kulture, odnosno japanske lingvistike, knji\u017eevnosti, povijesti, religije, filozofije, povijesti umjetnosti te suvremenog japanskog dru\u0161tva. Temelji se na usvajanju jezi\u010dnih kompetencija s ciljem [&hellip;]<\/p>\n","protected":false},"author":3,"featured_media":0,"parent":62,"menu_order":2,"comment_status":"closed","ping_status":"closed","template":"","meta":{"footnotes":""},"class_list":["post-69","page","type-page","status-publish","hentry"],"_links":{"self":[{"href":"https:\/\/japanologija.ffzg.unizg.hr\/index.php\/wp-json\/wp\/v2\/pages\/69","targetHints":{"allow":["GET"]}}],"collection":[{"href":"https:\/\/japanologija.ffzg.unizg.hr\/index.php\/wp-json\/wp\/v2\/pages"}],"about":[{"href":"https:\/\/japanologija.ffzg.unizg.hr\/index.php\/wp-json\/wp\/v2\/types\/page"}],"author":[{"embeddable":true,"href":"https:\/\/japanologija.ffzg.unizg.hr\/index.php\/wp-json\/wp\/v2\/users\/3"}],"replies":[{"embeddable":true,"href":"https:\/\/japanologija.ffzg.unizg.hr\/index.php\/wp-json\/wp\/v2\/comments?post=69"}],"version-history":[{"count":14,"href":"https:\/\/japanologija.ffzg.unizg.hr\/index.php\/wp-json\/wp\/v2\/pages\/69\/revisions"}],"predecessor-version":[{"id":481,"href":"https:\/\/japanologija.ffzg.unizg.hr\/index.php\/wp-json\/wp\/v2\/pages\/69\/revisions\/481"}],"up":[{"embeddable":true,"href":"https:\/\/japanologija.ffzg.unizg.hr\/index.php\/wp-json\/wp\/v2\/pages\/62"}],"wp:attachment":[{"href":"https:\/\/japanologija.ffzg.unizg.hr\/index.php\/wp-json\/wp\/v2\/media?parent=69"}],"curies":[{"name":"wp","href":"https:\/\/api.w.org\/{rel}","templated":true}]}}