{"id":475,"date":"2024-02-05T10:17:20","date_gmt":"2024-02-05T10:17:20","guid":{"rendered":"https:\/\/japanologija.ffzg.unizg.hr\/?page_id=475"},"modified":"2024-02-05T10:17:20","modified_gmt":"2024-02-05T10:17:20","slug":"mag-jap-ivana-mogus-yamada","status":"publish","type":"page","link":"https:\/\/japanologija.ffzg.unizg.hr\/index.php\/mag-jap-ivana-mogus-yamada\/","title":{"rendered":"mag. jap. Ivana Mogu\u0161 Yamada"},"content":{"rendered":"\n<p>Ivana Mogu\u0161 Yamada ro\u0111ena je u Virovitici 1986. godine. Odrasla je u Velikom Gr\u0111evcu gdje je zavr\u0161ila osnovno obrazovanje.<\/p>\n\n\n\n<p>Diplomirala je dvopredmetni studij geografije i japanologije na Odsjeku za geografiju i Odsjeku za azijske studije na Filozofskom fakultetu Sveu\u010dili\u0161ta u Ljubljani. Diplomirala je obraniv\u0161i temu\u00a0<em>Promjena kulturnog krajolika planinskih sela u Japanu: na primjeru sela Nanmoku u prefekturi Gunma<\/em>.<\/p>\n\n\n\n<p>U razdoblju od 2008 do 2009 godine je kao stipendistica japanskog Ministarstva obrazovanja, kulture, \u0161porta, znanosti i tehnologije zavr\u0161ila jednogodi\u0161nji program japanskog jezika i kulture na Sveu\u010dili\u0161tu Gunma u Japanu. U vi\u0161e je navrata sudjelovala\u00a0na\u00a0edukacijskim radionicama\u00a0za nastavnike japanskog jezika u organizaciji Japanske fondacije.\u00a0<\/p>\n\n\n\n<p>Od 2018 do 2022 je kao vanjski suradnik u zvanju asistenta predavala na prijediplomskom i postdiplomskom studiju Japanskog jezika i kulture Filozofskog fakulteta Sveu\u010dili\u0161ta u Puli. Predava\u010d je japanskog jezika u \u0160koli stranih jezika Enbe u Zagrebu od 2017 do danas. Od 2023. zaposlena je kao vanjska suradnica na Katedri za japanologiju Filozofskog fakulteta u Zagrebu.<\/p>\n\n\n\n<p>Radi i kao prevoditeljica za japanski jezik te kao licencirani turisti\u010dki vodi\u010d na japanskom jeziku za Grad Zagreb i Zagreba\u010dku \u017eupaniju od 2017 do danas.<\/p>\n","protected":false},"excerpt":{"rendered":"<p>Ivana Mogu\u0161 Yamada ro\u0111ena je u Virovitici 1986. godine. Odrasla je u Velikom Gr\u0111evcu gdje je zavr\u0161ila osnovno obrazovanje. Diplomirala je dvopredmetni studij geografije i japanologije na Odsjeku za geografiju i Odsjeku za azijske studije na Filozofskom fakultetu Sveu\u010dili\u0161ta u Ljubljani. Diplomirala je obraniv\u0161i temu\u00a0Promjena kulturnog krajolika planinskih sela u Japanu: na primjeru sela Nanmoku [&hellip;]<\/p>\n","protected":false},"author":4,"featured_media":0,"parent":0,"menu_order":0,"comment_status":"closed","ping_status":"closed","template":"","meta":{"footnotes":""},"class_list":["post-475","page","type-page","status-publish","hentry"],"_links":{"self":[{"href":"https:\/\/japanologija.ffzg.unizg.hr\/index.php\/wp-json\/wp\/v2\/pages\/475","targetHints":{"allow":["GET"]}}],"collection":[{"href":"https:\/\/japanologija.ffzg.unizg.hr\/index.php\/wp-json\/wp\/v2\/pages"}],"about":[{"href":"https:\/\/japanologija.ffzg.unizg.hr\/index.php\/wp-json\/wp\/v2\/types\/page"}],"author":[{"embeddable":true,"href":"https:\/\/japanologija.ffzg.unizg.hr\/index.php\/wp-json\/wp\/v2\/users\/4"}],"replies":[{"embeddable":true,"href":"https:\/\/japanologija.ffzg.unizg.hr\/index.php\/wp-json\/wp\/v2\/comments?post=475"}],"version-history":[{"count":1,"href":"https:\/\/japanologija.ffzg.unizg.hr\/index.php\/wp-json\/wp\/v2\/pages\/475\/revisions"}],"predecessor-version":[{"id":476,"href":"https:\/\/japanologija.ffzg.unizg.hr\/index.php\/wp-json\/wp\/v2\/pages\/475\/revisions\/476"}],"wp:attachment":[{"href":"https:\/\/japanologija.ffzg.unizg.hr\/index.php\/wp-json\/wp\/v2\/media?parent=475"}],"curies":[{"name":"wp","href":"https:\/\/api.w.org\/{rel}","templated":true}]}}