{"id":211,"date":"2024-01-23T12:14:45","date_gmt":"2024-01-23T12:14:45","guid":{"rendered":"https:\/\/japanologija.ffzg.unizg.hr\/?page_id=211"},"modified":"2024-01-23T20:03:09","modified_gmt":"2024-01-23T20:03:09","slug":"211-2","status":"publish","type":"page","link":"https:\/\/japanologija.ffzg.unizg.hr\/index.php\/nastavnici\/211-2\/","title":{"rendered":"mag. jpn. Katarina \u0160ukelj"},"content":{"rendered":"\n<p>Katarina \u0160ukelj ro\u0111ena je 1982. godine u Zagrebu. Na Filozofskom fakultetu Sveu\u010dili\u0161ta u Zagrebu diplomirala je Arheologiju i zavr\u0161ila&nbsp; trogodi\u0161nji slobodni studij Japanologije. Godine 2007. &nbsp;je kao stipendistica Japanske fondacije sudjelovala u programu <em>Japanese-Language Program for Outstanding Students of the Japanese-Language<\/em>. U razdoblju 2008-2009 je kao stipendistica japanskog Ministarstva obrazovanja, kulture, \u0161porta, znanosti i tehnologije zavr\u0161ila jednogodi\u0161nji program Japanologije na Sveu\u010dili\u0161tu Tokyo Gakugei. Dobitnica je i stipendije Japanske fondacije za obuku profesora japanskog jezika <em>Long-Term Training Program for Teachers of the Japanese-Language<\/em> za razdoblje 2013-2014 pri Institutu za japanski jezik u Urawi. Godine 2015. osvojila je 1. nagradu za prezentaciju na japanskom jeziku na prvom Festivalu japanologije u Sloveniji. U lipnju 2018. bila je na jednomjese\u010dnoj stipendiranoj edukaciji <em>Sakura network<\/em> Japanske fondacije pri Institutu za japanski jezik u Osaki.<\/p>\n\n\n\n<p>Zvanje magistrice japanologije stekla je na Odsjeku za azijske studije Sveu\u010dili\u0161ta u Ljubljani obraniv\u0161i temu &nbsp;<em>Critical Analysis of the Representation of Japanese culture and Society in the Context of Japanese-as-a-foreign-language Textbooks<\/em>.<\/p>\n\n\n\n<p>Predava\u010d je japanskog jezika u \u0160koli stranih jezika Enbe od 2010. do danas. Radi i kao licencirani turisti\u010dki vodi\u010d na japanskom jeziku za Grad Zagreb i Zagreba\u010dku \u017eupaniju od 2011. do danas.&nbsp; Od 2015. zaposlena je kao vanjska suradnica, a od 2019. kao asistentica na Katedri za japanologiju Filozofskog fakulteta u Zagrebu. Od 2017-2018. bila je zaposlena kao asistent na prijediplomskom studiju Japanskog jezika i kulture Filozofskog fakulteta Sveu\u010dili\u0161ta u Puli.<\/p>\n","protected":false},"excerpt":{"rendered":"<p>Katarina \u0160ukelj ro\u0111ena je 1982. godine u Zagrebu. Na Filozofskom fakultetu Sveu\u010dili\u0161ta u Zagrebu diplomirala je Arheologiju i zavr\u0161ila&nbsp; trogodi\u0161nji slobodni studij Japanologije. Godine 2007. &nbsp;je kao stipendistica Japanske fondacije sudjelovala u programu Japanese-Language Program for Outstanding Students of the Japanese-Language. U razdoblju 2008-2009 je kao stipendistica japanskog Ministarstva obrazovanja, kulture, \u0161porta, znanosti i tehnologije [&hellip;]<\/p>\n","protected":false},"author":4,"featured_media":0,"parent":73,"menu_order":0,"comment_status":"closed","ping_status":"closed","template":"","meta":{"footnotes":""},"class_list":["post-211","page","type-page","status-publish","hentry"],"_links":{"self":[{"href":"https:\/\/japanologija.ffzg.unizg.hr\/index.php\/wp-json\/wp\/v2\/pages\/211","targetHints":{"allow":["GET"]}}],"collection":[{"href":"https:\/\/japanologija.ffzg.unizg.hr\/index.php\/wp-json\/wp\/v2\/pages"}],"about":[{"href":"https:\/\/japanologija.ffzg.unizg.hr\/index.php\/wp-json\/wp\/v2\/types\/page"}],"author":[{"embeddable":true,"href":"https:\/\/japanologija.ffzg.unizg.hr\/index.php\/wp-json\/wp\/v2\/users\/4"}],"replies":[{"embeddable":true,"href":"https:\/\/japanologija.ffzg.unizg.hr\/index.php\/wp-json\/wp\/v2\/comments?post=211"}],"version-history":[{"count":3,"href":"https:\/\/japanologija.ffzg.unizg.hr\/index.php\/wp-json\/wp\/v2\/pages\/211\/revisions"}],"predecessor-version":[{"id":235,"href":"https:\/\/japanologija.ffzg.unizg.hr\/index.php\/wp-json\/wp\/v2\/pages\/211\/revisions\/235"}],"up":[{"embeddable":true,"href":"https:\/\/japanologija.ffzg.unizg.hr\/index.php\/wp-json\/wp\/v2\/pages\/73"}],"wp:attachment":[{"href":"https:\/\/japanologija.ffzg.unizg.hr\/index.php\/wp-json\/wp\/v2\/media?parent=211"}],"curies":[{"name":"wp","href":"https:\/\/api.w.org\/{rel}","templated":true}]}}