{"id":198,"date":"2024-01-20T07:46:22","date_gmt":"2024-01-20T07:46:22","guid":{"rendered":"https:\/\/japanologija.ffzg.unizg.hr\/?page_id=198"},"modified":"2024-01-25T07:29:54","modified_gmt":"2024-01-25T07:29:54","slug":"dr-sc-velna-roncevic","status":"publish","type":"page","link":"https:\/\/japanologija.ffzg.unizg.hr\/index.php\/nastavnici\/dr-sc-velna-roncevic\/","title":{"rendered":"dr. sc. Velna Ron\u010devi\u0107"},"content":{"rendered":"\n<p class=\"has-text-align-left\">Na Filozofskom fakultetu Sveu\u010dili\u0161ta u Zagrebu diplomirala je studij Etnologije i kulturne antropologije te studij Poljskog jezika i knji\u017eevnosti, te zavr\u0161ila slobodni studij Japanskoga jezika i kulture. God. 2014-2015 provela je na \u0161estomjese\u010dnom studijskom boravku Program for Specialists in Cultural and Academic Fields Japanske Fundacije u Japanu. Od 2016. radi kao vanjska suradnica na Katedri za japanologiju Odsjeka za indologiju i dalekoisto\u010dne studije Filozofskog fakulteta Sveu\u010dili\u0161ta u Zagrebu. 2021. godine doktorirala je s temom\u00a0<em>Recepcija japanske popularne kulture na primjeru obo\u017eavatelja anime i manga<\/em>, a njen znanstveni interes obuhva\u0107a podru\u010dja globalizacije, fanovskih studija i antropologije budu\u0107nosti. Od 2022. kao poslijedoktorandica \u010dlan je znanstvenog projekta Pam\u0107enje (o) knji\u017eevnosti u svakodnevici na Odsjeku za komparativnu knji\u017eevnost Filozofskog fakulteta Sveu\u010dili\u0161ta u Zagrebu, a od 2023. zapo\u0161ljava se kao vi\u0161i asistent na Katedri za japanologiju Odsjeka za indologiju i dalekoisto\u010dne studije. <\/p>\n","protected":false},"excerpt":{"rendered":"<p>Na Filozofskom fakultetu Sveu\u010dili\u0161ta u Zagrebu diplomirala je studij Etnologije i kulturne antropologije te studij Poljskog jezika i knji\u017eevnosti, te zavr\u0161ila slobodni studij Japanskoga jezika i kulture. God. 2014-2015 provela je na \u0161estomjese\u010dnom studijskom boravku Program for Specialists in Cultural and Academic Fields Japanske Fundacije u Japanu. Od 2016. radi kao vanjska suradnica na Katedri [&hellip;]<\/p>\n","protected":false},"author":4,"featured_media":0,"parent":73,"menu_order":0,"comment_status":"closed","ping_status":"closed","template":"","meta":{"footnotes":""},"class_list":["post-198","page","type-page","status-publish","hentry"],"_links":{"self":[{"href":"https:\/\/japanologija.ffzg.unizg.hr\/index.php\/wp-json\/wp\/v2\/pages\/198","targetHints":{"allow":["GET"]}}],"collection":[{"href":"https:\/\/japanologija.ffzg.unizg.hr\/index.php\/wp-json\/wp\/v2\/pages"}],"about":[{"href":"https:\/\/japanologija.ffzg.unizg.hr\/index.php\/wp-json\/wp\/v2\/types\/page"}],"author":[{"embeddable":true,"href":"https:\/\/japanologija.ffzg.unizg.hr\/index.php\/wp-json\/wp\/v2\/users\/4"}],"replies":[{"embeddable":true,"href":"https:\/\/japanologija.ffzg.unizg.hr\/index.php\/wp-json\/wp\/v2\/comments?post=198"}],"version-history":[{"count":4,"href":"https:\/\/japanologija.ffzg.unizg.hr\/index.php\/wp-json\/wp\/v2\/pages\/198\/revisions"}],"predecessor-version":[{"id":292,"href":"https:\/\/japanologija.ffzg.unizg.hr\/index.php\/wp-json\/wp\/v2\/pages\/198\/revisions\/292"}],"up":[{"embeddable":true,"href":"https:\/\/japanologija.ffzg.unizg.hr\/index.php\/wp-json\/wp\/v2\/pages\/73"}],"wp:attachment":[{"href":"https:\/\/japanologija.ffzg.unizg.hr\/index.php\/wp-json\/wp\/v2\/media?parent=198"}],"curies":[{"name":"wp","href":"https:\/\/api.w.org\/{rel}","templated":true}]}}