{"id":1738,"date":"2025-12-26T15:38:10","date_gmt":"2025-12-26T15:38:10","guid":{"rendered":"https:\/\/japanologija.ffzg.unizg.hr\/?page_id=1738"},"modified":"2026-01-14T11:32:31","modified_gmt":"2026-01-14T11:32:31","slug":"ispitni-rokovi-2025-2026","status":"publish","type":"page","link":"https:\/\/japanologija.ffzg.unizg.hr\/index.php\/ispitni-rokovi-2025-2026\/","title":{"rendered":"Ispitni rokovi 2025\/2026"},"content":{"rendered":"<p>Studijski program: Japanologija<\/p>\n<p>&nbsp;<\/p>\n<p><strong>Izvanredni ispitni rok:<\/strong><\/p>\n<ol start=\"17\">\n<li>studenog 2025. \u2013 21. studenog 2025.<\/li>\n<\/ol>\n<table border=\"1\" cellpadding=\"6\" cellspacing=\"0\">\n<tbody>\n<tr>\n<td width=\"201\"><strong>Kolegij<\/strong><\/td>\n<td width=\"201\"><strong>1. termin<\/strong><\/td>\n<\/tr>\n<tr>\n<td width=\"201\">Uvod u predmodernu povijest i kulturu japanskog oto\u010dja (266219)<\/td>\n<td width=\"201\">17.11.<\/td>\n<\/tr>\n<tr>\n<td width=\"201\">Uvod u ranu modernu i modernu povijest i kulturu japanskog oto\u010dja (266220)<\/td>\n<td width=\"201\">17.11<\/td>\n<\/tr>\n<tr>\n<td width=\"201\">Suvremeno japansko dru\u0161tvo 1 (266221)<\/td>\n<td width=\"201\">21.11<\/td>\n<\/tr>\n<tr>\n<td width=\"201\">Suvremeno japansko dru\u0161tvo 2 (266222)<\/td>\n<td width=\"201\">21.11.<\/td>\n<\/tr>\n<tr>\n<td width=\"201\">Japanske jezi\u010dne vje\u017ebe 1<\/p>\n<p>(2024\u20132025 academic year)<\/td>\n<td width=\"201\">19.11.2025.<\/p>\n<p>&nbsp;<\/td>\n<\/tr>\n<tr>\n<td width=\"201\">Japanske jezi\u010dne vje\u017ebe 2<\/p>\n<p>(2024\u20132025 academic year)<\/td>\n<td width=\"201\">19.11.2025.<\/p>\n<p>&nbsp;<\/td>\n<\/tr>\n<\/tbody>\n<table border=\"1\" cellpadding=\"6\" cellspacing=\"0\">\n&nbsp;<\/p>\n<p><strong>Zimski ispitni rok:<\/strong><\/p>\n<ol start=\"26\">\n<li>sije\u010dnja 2026. \u2013 20. velja\u010de 2026.<\/li>\n<\/ol>\n<table border=\"1\" cellpadding=\"6\" cellspacing=\"0\">\n<tbody>\n<tr>\n<td width=\"201\"><strong>Kolegij<\/strong><\/td>\n<td width=\"201\"><strong>1. termin<\/strong><\/td>\n<td width=\"201\"><strong>2. termin<\/strong><\/td>\n<\/tr>\n<tr>\n<td width=\"201\">Uvod u predmodernu povijest i kulturu japanskog oto\u010dja (266219)<\/td>\n<td width=\"201\">2.2.<\/td>\n<td width=\"201\">16.2.<\/td>\n<\/tr>\n<tr>\n<td width=\"201\">Japanski jezik u konverzaciji (285201)<\/td>\n<td width=\"201\">2.2.<\/td>\n<td width=\"201\">16.2.<\/td>\n<\/tr>\n<tr>\n<td width=\"201\">Japanske jezi\u010dne \u00a0vje\u017ebe 3 (266213)<\/td>\n<td width=\"201\">27.1<\/p>\n<p>usmeni ispit\u300029.1<\/td>\n<td width=\"201\">10.2<\/p>\n<p>usmeni ispit\u300012.2<\/td>\n<\/tr>\n<tr>\n<td width=\"201\">Klasi\u010dna i predmoderna japanska knji\u017eevnost (266223)<\/td>\n<td width=\"201\">4.2.<\/td>\n<td width=\"201\">18.2.<\/td>\n<\/tr>\n<tr>\n<td width=\"201\">Japanski jezi\u010dni seminar 1 (26621)<\/td>\n<td width=\"201\">30.1.<\/td>\n<td width=\"201\">13.2.<\/td>\n<\/tr>\n<tr>\n<td width=\"201\">Suvremeno japansko dru\u0161tvo 1 (266221)<\/td>\n<td width=\"201\">30.1. (12:30)<\/td>\n<td width=\"201\">13.2. (12:30)<\/td>\n<\/tr>\n<tr>\n<td width=\"201\">Suvremeno japansko dru\u0161tvo 2 (266222)<\/td>\n<td width=\"201\">30.1. (12:30)<\/td>\n<td width=\"201\">13.2. (12:30)<\/p>\n<p>&nbsp;<\/td>\n<\/tr>\n<tr>\n<td width=\"201\">Japanske jezi\u010dne vje\u017ebe 1<\/p>\n<p>(2025\u20132025 academic year)<\/td>\n<td width=\"201\">29.01.2026.<\/td>\n<td width=\"201\">11.02.2026.<\/td>\n<\/tr>\n<\/tbody>\n<\/table>\n<p>&nbsp;<\/p>\n<p>&nbsp;<\/p>\n<p><strong>Izvanredni ispitni rok:<\/strong><\/p>\n<ol start=\"7\">\n<li>travnja 2026. \u2013 10. travnja 2026.<\/li>\n<\/ol>\n<table border=\"1\" cellpadding=\"6\" cellspacing=\"0\">\n<tbody>\n<tr>\n<td width=\"201\"><strong>Kolegij<\/strong><\/td>\n<td width=\"201\"><strong>1.termin<\/strong><\/td>\n<\/tr>\n<tr>\n<td width=\"201\">Uvod u predmodernu povijest i kulturu japanskog oto\u010dja (266219)<\/td>\n<td width=\"201\">9.4.<\/td>\n<\/tr>\n<tr>\n<td width=\"201\">Japanski jezik u konverzaciji (285201)<\/td>\n<td width=\"201\">9.4.<\/td>\n<\/tr>\n<tr>\n<td width=\"201\">Japanske jezi\u010dne \u00a0vje\u017ebe 3 (266213)<\/p>\n<p>&nbsp;<\/td>\n<td width=\"201\">7.4 (usmeni 9.4)<\/td>\n<\/tr>\n<tr>\n<td width=\"201\">Klasi\u010dna i predmoderna japanska knji\u017eevnost (266223)<\/p>\n<p>&nbsp;<\/td>\n<td width=\"201\">8.4.<\/td>\n<\/tr>\n<tr>\n<td width=\"201\">Japanski jezi\u010dni seminar 1 (26621)<\/p>\n<p>&nbsp;<\/td>\n<td width=\"201\">10.4<\/td>\n<\/tr>\n<tr>\n<td width=\"201\">Suvremeno japansko dru\u0161tvo 1 (266221)<\/td>\n<td width=\"201\">10.4.(12:30)<\/td>\n<\/tr>\n<tr>\n<td width=\"201\">Suvremeno japansko dru\u0161tvo 2 (266222)<\/p>\n<p>&nbsp;<\/td>\n<td width=\"201\">10.4.(12:30)<\/p>\n<p>&nbsp;<\/td>\n<\/tr>\n<tr>\n<td width=\"201\">Japanske jezi\u010dne vje\u017ebe 1<\/p>\n<p>(2024\u20132025 academic year)<\/td>\n<td width=\"201\">09.04.2025.<\/p>\n<p>&nbsp;<\/td>\n<\/tr>\n<tr>\n<td width=\"201\">Japanske jezi\u010dne vje\u017ebe 2<\/p>\n<p>(2024\u20132025 academic year)<\/td>\n<td width=\"201\">09.04.2025.<\/p>\n<p>&nbsp;<\/td>\n<\/tr>\n<\/tbody>\n<\/table>\n<p>&nbsp;<\/p>\n<p><strong>Ljetni ispitni rok:<\/strong><\/p>\n<ol start=\"8\">\n<li>lipnja 2026. \u2013 10. srpnja 2026.<\/li>\n<\/ol>\n<table border=\"1\" cellpadding=\"6\" cellspacing=\"0\">\n<tbody>\n<tr>\n<td width=\"201\"><strong>Kolegij<\/strong><\/td>\n<td width=\"201\"><strong>1.<\/strong> <strong>termin<\/strong><\/td>\n<td width=\"201\"><strong>2. termin<\/strong><\/td>\n<\/tr>\n<tr>\n<td width=\"201\">Uvod u predmodernu povijest i kulturu japanskog oto\u010dja (266219)<\/td>\n<td width=\"201\">15.6.<\/td>\n<td width=\"201\">29.6<\/td>\n<\/tr>\n<tr>\n<td width=\"201\">Uvod u ranu modernu i modernu povijest i kulturu japanskog oto\u010dja (266220)<\/td>\n<td width=\"201\">15.6.<\/p>\n<p>&nbsp;<\/td>\n<td width=\"201\">29.6<\/p>\n<p>&nbsp;<\/td>\n<\/tr>\n<tr>\n<td width=\"201\">Uvod u japansku lingvistiku (285200)<\/td>\n<td width=\"201\">15.6.<\/p>\n<p>&nbsp;<\/td>\n<td width=\"201\">29.6<\/p>\n<p>&nbsp;<\/td>\n<\/tr>\n<tr>\n<td width=\"201\">Japanski jezik u konverzaciji (285201)<\/td>\n<td width=\"201\">15.6.<\/p>\n<p>&nbsp;<\/td>\n<td width=\"201\">29.6<\/p>\n<p>&nbsp;<\/td>\n<\/tr>\n<tr>\n<td width=\"201\">Japanske jezi\u010dne vje\u017ebe 4<\/p>\n<p>(266214)<\/p>\n<p>Japanske jezi\u010dne\u00a0 vje\u017ebe 3 (266213)<\/td>\n<td width=\"201\">9.6<\/p>\n<p>usmeni ispit 11.6<\/td>\n<td width=\"201\">23.6<\/p>\n<p>usmeni ispit 25.6<\/td>\n<\/tr>\n<tr>\n<td width=\"201\">Klasi\u010dna i predmoderna japanska knji\u017eevnost (266223)<\/p>\n<p>&nbsp;<\/td>\n<td width=\"201\">17.6.<\/td>\n<td width=\"201\">1.7.<\/td>\n<\/tr>\n<tr>\n<td width=\"201\">Japanski jezi\u010dni seminar 2<\/p>\n<p>(266218)<\/td>\n<td width=\"201\">12.6<\/td>\n<td width=\"201\">26.6<\/td>\n<\/tr>\n<tr>\n<td width=\"201\">Suvremeno japansko dru\u0161tvo 1 (266221)<\/td>\n<td width=\"201\">19.6. (12:30)<\/td>\n<td width=\"201\">10.7. (12:30)<\/td>\n<\/tr>\n<tr>\n<td width=\"201\">Suvremeno japansko dru\u0161tvo 2 (266222)<\/td>\n<td width=\"201\">19.6. (12:30)<\/p>\n<p>&nbsp;<\/td>\n<td width=\"201\">10.7. (12:30)<\/p>\n<p>&nbsp;<\/td>\n<\/tr>\n<tr>\n<td width=\"201\">Japanske jezi\u010dne vje\u017ebe 2<\/p>\n<p>(2025\u20132025 academic year)<\/td>\n<td width=\"201\">11.06.2026.<\/td>\n<td width=\"201\">29.06.2026.<\/td>\n<\/tr>\n<\/tbody>\n<\/table>\n<p>&nbsp;<\/p>\n<p>Jesenski ispitni rok:<\/p>\n<ol start=\"31\">\n<li>kolovoza 2026. \u2013 18. rujna 2026.<\/li>\n<\/ol>\n<table border=\"1\" cellpadding=\"6\" cellspacing=\"0\">\n<tbody>\n<tr>\n<td width=\"201\"><strong>Kolegij<\/strong><\/td>\n<td width=\"201\"><strong>1. termin<\/strong><\/td>\n<td width=\"201\"><strong>2. termin<\/strong><\/td>\n<\/tr>\n<tr>\n<td width=\"201\">Uvod u predmodernu povijest i kulturu japanskog oto\u010dja (266219)<\/td>\n<td width=\"201\">31.8.<\/td>\n<td width=\"201\">14.9.<\/td>\n<\/tr>\n<tr>\n<td width=\"201\">Uvod u ranu modernu i modernu povijest i kulturu japanskog oto\u010dja (266220)<\/td>\n<td width=\"201\">31.8.<\/td>\n<td width=\"201\">14.9.<\/td>\n<\/tr>\n<tr>\n<td width=\"201\">Uvod u japansku lingvistiku (285200)<\/td>\n<td width=\"201\">31.8.<\/td>\n<td width=\"201\">14.9.<\/td>\n<\/tr>\n<tr>\n<td width=\"201\">Japanski jezik u konverzaciji (285201)<\/td>\n<td width=\"201\">31.8.<\/td>\n<td width=\"201\">14.9.<\/td>\n<\/tr>\n<tr>\n<td width=\"201\">Japanske jezi\u010dne vje\u017ebe 4<\/p>\n<p>(266214)<\/p>\n<p>Japanske jezi\u010dne\u00a0 vje\u017ebe 3 (266213)<\/td>\n<td width=\"201\">1.9\uff08Usmeni ispit 3.9\uff09\uff0815:30\uff09<\/p>\n<p>&nbsp;<\/p>\n<p>1.9\uff08Usmeni ispit 3.9\uff09\uff0818:30\uff09<\/p>\n<p>&nbsp;<\/td>\n<td width=\"201\">15.9\uff08Usmeni ispit 17.9\uff09\uff0815:30\uff09<\/p>\n<p>&nbsp;<\/p>\n<p>15.9\uff08Usmeni ispit 17.9\uff09\uff0818:30\uff09<\/p>\n<p>&nbsp;<\/td>\n<\/tr>\n<tr>\n<td width=\"201\">Klasi\u010dna i predmoderna japanska knji\u017eevnost (266223)<\/td>\n<td width=\"201\">2.9.<\/td>\n<td width=\"201\">16.9.<\/td>\n<\/tr>\n<tr>\n<td width=\"201\">Japanski jezi\u010dni seminar 2<\/p>\n<p>(266218)<\/td>\n<td width=\"201\">3.9.<\/td>\n<td width=\"201\">17.9.<\/td>\n<\/tr>\n<tr>\n<td width=\"201\">Suvremeno japansko dru\u0161tvo 1 (266221)<\/td>\n<td width=\"201\">28.8. (12:30)<\/td>\n<td width=\"201\">11.9. (12:30)<\/td>\n<\/tr>\n<tr>\n<td width=\"201\">Suvremeno japansko dru\u0161tvo 2 (266222)<\/td>\n<td width=\"201\">28.8. (12:30)<\/p>\n<p>&nbsp;<\/td>\n<td width=\"201\">11.9. (12:30)<\/p>\n<p>&nbsp;<\/td>\n<\/tr>\n<tr>\n<td width=\"201\">Japanske jezi\u010dne vje\u017ebe 1<\/p>\n<p>(2025\u20132025 academic year)<\/td>\n<td width=\"201\">07.09.2026.<\/td>\n<td width=\"201\">18.09.2026.<\/td>\n<\/tr>\n<tr>\n<td width=\"201\">Japanske jezi\u010dne vje\u017ebe 2<\/p>\n<p>(2025\u20132025 academic year)<\/td>\n<td width=\"201\">07.09.2026.<\/td>\n<td width=\"201\">18.09.2026.<\/td>\n<\/tr>\n<\/tbody>\n<\/table>\n<p>&nbsp;<\/p>\n","protected":false},"excerpt":{"rendered":"<p>Studijski program: Japanologija &nbsp; Izvanredni ispitni rok: studenog 2025. \u2013 21. studenog 2025. Kolegij 1. termin Uvod u predmodernu povijest i kulturu japanskog oto\u010dja (266219) 17.11. Uvod u ranu modernu i modernu povijest i kulturu japanskog oto\u010dja (266220) 17.11 Suvremeno japansko dru\u0161tvo 1 (266221) 21.11 Suvremeno japansko dru\u0161tvo 2 (266222) 21.11. Japanske jezi\u010dne vje\u017ebe 1 [&hellip;]<\/p>\n","protected":false},"author":4,"featured_media":0,"parent":0,"menu_order":0,"comment_status":"closed","ping_status":"closed","template":"","meta":{"footnotes":""},"class_list":["post-1738","page","type-page","status-publish","hentry"],"_links":{"self":[{"href":"https:\/\/japanologija.ffzg.unizg.hr\/index.php\/wp-json\/wp\/v2\/pages\/1738","targetHints":{"allow":["GET"]}}],"collection":[{"href":"https:\/\/japanologija.ffzg.unizg.hr\/index.php\/wp-json\/wp\/v2\/pages"}],"about":[{"href":"https:\/\/japanologija.ffzg.unizg.hr\/index.php\/wp-json\/wp\/v2\/types\/page"}],"author":[{"embeddable":true,"href":"https:\/\/japanologija.ffzg.unizg.hr\/index.php\/wp-json\/wp\/v2\/users\/4"}],"replies":[{"embeddable":true,"href":"https:\/\/japanologija.ffzg.unizg.hr\/index.php\/wp-json\/wp\/v2\/comments?post=1738"}],"version-history":[{"count":24,"href":"https:\/\/japanologija.ffzg.unizg.hr\/index.php\/wp-json\/wp\/v2\/pages\/1738\/revisions"}],"predecessor-version":[{"id":1761,"href":"https:\/\/japanologija.ffzg.unizg.hr\/index.php\/wp-json\/wp\/v2\/pages\/1738\/revisions\/1761"}],"wp:attachment":[{"href":"https:\/\/japanologija.ffzg.unizg.hr\/index.php\/wp-json\/wp\/v2\/media?parent=1738"}],"curies":[{"name":"wp","href":"https:\/\/api.w.org\/{rel}","templated":true}]}}